{"id":460,"date":"2020-11-20T17:18:43","date_gmt":"2020-11-20T16:18:43","guid":{"rendered":"https:\/\/www.elice-illustration.com\/boutique\/?post_type=product&#038;p=460"},"modified":"2025-05-19T11:16:58","modified_gmt":"2025-05-19T09:16:58","slug":"renards","status":"publish","type":"product","link":"https:\/\/www.elice-illustration.com\/boutique\/produit\/renards\/","title":{"rendered":"Renards"},"content":{"rendered":"<p>Linogravure \u00e0 passages multiples : 2 plaques.<\/p>\n<p>Les tirages sont r\u00e9alis\u00e9s par mes soins, sur une presse manuelle. Il existe donc des petites variations d&rsquo;encrage et de placement selon les exemplaires.<\/p>\n<p>\u00c9dition limit\u00e9e \u00e0 30 exemplaires. Chaque tirage est sign\u00e9 et num\u00e9rot\u00e9.<\/p>\n<div class=\"woocommerce-tabs wc-tabs-wrapper\">\n<div id=\"tab-description\" class=\"woocommerce-Tabs-panel woocommerce-Tabs-panel--description panel entry-content wc-tab\" role=\"tabpanel\" aria-labelledby=\"tab-title-description\">\n<p>Cette estampe est vendue sans cadre, envoy\u00e9e \u00e0 plat, emball\u00e9e dans du papier de soie et prot\u00e9g\u00e9e par du carton renforc\u00e9.<\/p>\n<\/div>\n<\/div>\n","protected":false},"excerpt":{"rendered":"<p>Linogravure originale<br \/>\nEncres \u00e0 l&rsquo;huile<br \/>\nFormat : 27.5cm x 20cm<br \/>\n\u00c9dition limit\u00e9e : 30 exemplaires num\u00e9rot\u00e9s et sign\u00e9s.<\/p>\n","protected":false},"featured_media":2389,"template":"","meta":{"neve_meta_sidebar":"","neve_meta_container":"","neve_meta_enable_content_width":"off","neve_meta_content_width":70,"neve_meta_title_alignment":"","neve_meta_author_avatar":"","neve_post_elements_order":"","neve_meta_disable_header":"","neve_meta_disable_footer":"","neve_meta_disable_title":"","_vp_format_video_url":"","_vp_image_focal_point":[]},"product_brand":[],"product_cat":[44],"product_tag":[61],"class_list":{"0":"post-460","1":"product","2":"type-product","3":"status-publish","4":"has-post-thumbnail","6":"product_cat-linogravure","7":"product_tag-renard","8":"product_shipping_class-papier","10":"first","11":"outofstock","12":"shipping-taxable","13":"purchasable","14":"product-type-simple"},"_links":{"self":[{"href":"https:\/\/www.elice-illustration.com\/boutique\/wp-json\/wp\/v2\/product\/460","targetHints":{"allow":["GET"]}}],"collection":[{"href":"https:\/\/www.elice-illustration.com\/boutique\/wp-json\/wp\/v2\/product"}],"about":[{"href":"https:\/\/www.elice-illustration.com\/boutique\/wp-json\/wp\/v2\/types\/product"}],"wp:featuredmedia":[{"embeddable":true,"href":"https:\/\/www.elice-illustration.com\/boutique\/wp-json\/wp\/v2\/media\/2389"}],"wp:attachment":[{"href":"https:\/\/www.elice-illustration.com\/boutique\/wp-json\/wp\/v2\/media?parent=460"}],"wp:term":[{"taxonomy":"product_brand","embeddable":true,"href":"https:\/\/www.elice-illustration.com\/boutique\/wp-json\/wp\/v2\/product_brand?post=460"},{"taxonomy":"product_cat","embeddable":true,"href":"https:\/\/www.elice-illustration.com\/boutique\/wp-json\/wp\/v2\/product_cat?post=460"},{"taxonomy":"product_tag","embeddable":true,"href":"https:\/\/www.elice-illustration.com\/boutique\/wp-json\/wp\/v2\/product_tag?post=460"}],"curies":[{"name":"wp","href":"https:\/\/api.w.org\/{rel}","templated":true}]}}