{"id":396,"date":"2020-11-14T17:45:18","date_gmt":"2020-11-14T16:45:18","guid":{"rendered":"https:\/\/www.elice-illustration.com\/boutique\/?post_type=product&#038;p=396"},"modified":"2025-04-08T10:00:24","modified_gmt":"2025-04-08T08:00:24","slug":"delvina","status":"publish","type":"product","link":"https:\/\/www.elice-illustration.com\/boutique\/produit\/delvina\/","title":{"rendered":"Delvina"},"content":{"rendered":"<p>Delvina, sir\u00e8ne envo\u00fbtante et amatrice de grands crus, cherche partenaire pour soir\u00e9e d\u00e9gustation.<\/p>\n<p>Linogravure grav\u00e9e \u00e0 la main et imprim\u00e9e sur presse manuelle. Chaque tirage est unique, le rendu peut varier l\u00e9g\u00e8rement d&rsquo;une impression \u00e0 l&rsquo;autre.<br \/>\nFormat du papier : 15cm x 20 cm<br \/>\nFormat de la gravure : 6cm x 16cm<br \/>\nEncre \u00e0 l&rsquo;huile.<\/p>\n<p>\u00c9dition limit\u00e9e \u00e0 40 exemplaires. Chaque tirage est sign\u00e9 et num\u00e9rot\u00e9.<\/p>\n","protected":false},"excerpt":{"rendered":"<p>Linogravure originale.<br \/>\nEncre noire \u00e0 l&rsquo;huile de lin.<br \/>\nFormat du papier : 15cm x 20 cm<br \/>\nFormat de la gravure : 6cm x 16cm<br \/>\n\u00c9dition limit\u00e9e : 40 exemplaires num\u00e9rot\u00e9s et sign\u00e9s.<\/p>\n","protected":false},"featured_media":397,"template":"","meta":{"neve_meta_sidebar":"","neve_meta_container":"","neve_meta_enable_content_width":"off","neve_meta_content_width":70,"neve_meta_title_alignment":"","neve_meta_author_avatar":"","neve_post_elements_order":"","neve_meta_disable_header":"","neve_meta_disable_footer":"","neve_meta_disable_title":"","_vp_format_video_url":"","_vp_image_focal_point":[]},"product_brand":[],"product_cat":[44],"product_tag":[],"class_list":{"0":"post-396","1":"product","2":"type-product","3":"status-publish","4":"has-post-thumbnail","6":"product_cat-linogravure","7":"product_shipping_class-papier","9":"first","10":"instock","11":"shipping-taxable","12":"purchasable","13":"product-type-simple"},"_links":{"self":[{"href":"https:\/\/www.elice-illustration.com\/boutique\/wp-json\/wp\/v2\/product\/396","targetHints":{"allow":["GET"]}}],"collection":[{"href":"https:\/\/www.elice-illustration.com\/boutique\/wp-json\/wp\/v2\/product"}],"about":[{"href":"https:\/\/www.elice-illustration.com\/boutique\/wp-json\/wp\/v2\/types\/product"}],"wp:featuredmedia":[{"embeddable":true,"href":"https:\/\/www.elice-illustration.com\/boutique\/wp-json\/wp\/v2\/media\/397"}],"wp:attachment":[{"href":"https:\/\/www.elice-illustration.com\/boutique\/wp-json\/wp\/v2\/media?parent=396"}],"wp:term":[{"taxonomy":"product_brand","embeddable":true,"href":"https:\/\/www.elice-illustration.com\/boutique\/wp-json\/wp\/v2\/product_brand?post=396"},{"taxonomy":"product_cat","embeddable":true,"href":"https:\/\/www.elice-illustration.com\/boutique\/wp-json\/wp\/v2\/product_cat?post=396"},{"taxonomy":"product_tag","embeddable":true,"href":"https:\/\/www.elice-illustration.com\/boutique\/wp-json\/wp\/v2\/product_tag?post=396"}],"curies":[{"name":"wp","href":"https:\/\/api.w.org\/{rel}","templated":true}]}}