{"id":3282,"date":"2024-12-10T15:33:15","date_gmt":"2024-12-10T14:33:15","guid":{"rendered":"https:\/\/www.elice-illustration.com\/boutique\/?post_type=product&#038;p=3282"},"modified":"2024-12-10T15:44:13","modified_gmt":"2024-12-10T14:44:13","slug":"gouache-originale-cirque-de-moureze","status":"publish","type":"product","link":"https:\/\/www.elice-illustration.com\/boutique\/produit\/gouache-originale-cirque-de-moureze\/","title":{"rendered":"Gouache Originale Cirque de Mour\u00e8ze"},"content":{"rendered":"<p>Peinture originale r\u00e9alis\u00e9e \u00e0 la gouache sur papier 300 g\/m\u00b2<\/p>\n<p>Vendue sans cadre. Envoy\u00e9e \u00e0 plat dans un emballage renforc\u00e9 en carton.<\/p>\n<p>Titre : Cirque de Mour\u00e8ze<\/p>\n<p>Format papier : 30 x 30 cm<\/p>\n<p>Format de l&rsquo;illustration : 24 x 24 cm<\/p>\n<p>&nbsp;<\/p>\n","protected":false},"excerpt":{"rendered":"<p>Gouache originale<br \/>\nFormat papier : 30 x 30 cm<br \/>\nFormat de l&rsquo;illustration : 24 x 24 cm<\/p>\n","protected":false},"featured_media":3262,"template":"","meta":{"neve_meta_sidebar":"","neve_meta_container":"","neve_meta_enable_content_width":"off","neve_meta_content_width":70,"neve_meta_title_alignment":"","neve_meta_author_avatar":"","neve_post_elements_order":"","neve_meta_disable_header":"","neve_meta_disable_footer":"","neve_meta_disable_title":"","_vp_format_video_url":"","_vp_image_focal_point":[]},"product_brand":[],"product_cat":[147,342],"product_tag":[303,294,309,274,338],"class_list":{"0":"post-3282","1":"product","2":"type-product","3":"status-publish","4":"has-post-thumbnail","6":"product_cat-gouache","7":"product_cat-serie-legendes-occitanes","8":"product_tag-falaise","9":"product_tag-geant","10":"product_tag-herault","11":"product_tag-randonnee","12":"product_tag-rocher","13":"product_shipping_class-papier","15":"first","16":"instock","17":"shipping-taxable","18":"purchasable","19":"product-type-simple"},"_links":{"self":[{"href":"https:\/\/www.elice-illustration.com\/boutique\/wp-json\/wp\/v2\/product\/3282","targetHints":{"allow":["GET"]}}],"collection":[{"href":"https:\/\/www.elice-illustration.com\/boutique\/wp-json\/wp\/v2\/product"}],"about":[{"href":"https:\/\/www.elice-illustration.com\/boutique\/wp-json\/wp\/v2\/types\/product"}],"wp:featuredmedia":[{"embeddable":true,"href":"https:\/\/www.elice-illustration.com\/boutique\/wp-json\/wp\/v2\/media\/3262"}],"wp:attachment":[{"href":"https:\/\/www.elice-illustration.com\/boutique\/wp-json\/wp\/v2\/media?parent=3282"}],"wp:term":[{"taxonomy":"product_brand","embeddable":true,"href":"https:\/\/www.elice-illustration.com\/boutique\/wp-json\/wp\/v2\/product_brand?post=3282"},{"taxonomy":"product_cat","embeddable":true,"href":"https:\/\/www.elice-illustration.com\/boutique\/wp-json\/wp\/v2\/product_cat?post=3282"},{"taxonomy":"product_tag","embeddable":true,"href":"https:\/\/www.elice-illustration.com\/boutique\/wp-json\/wp\/v2\/product_tag?post=3282"}],"curies":[{"name":"wp","href":"https:\/\/api.w.org\/{rel}","templated":true}]}}