{"id":2982,"date":"2023-07-13T16:39:40","date_gmt":"2023-07-13T14:39:40","guid":{"rendered":"https:\/\/www.elice-illustration.com\/boutique\/?post_type=product&#038;p=2982"},"modified":"2025-08-25T18:05:47","modified_gmt":"2025-08-25T16:05:47","slug":"reproduction-bivouac-en-aout-majeur","status":"publish","type":"product","link":"https:\/\/www.elice-illustration.com\/boutique\/produit\/reproduction-bivouac-en-aout-majeur\/","title":{"rendered":"Reproduction 30x30cm Bivouac en ao\u00fbt majeur"},"content":{"rendered":"<p>Reproduction d&rsquo;une gouache originale r\u00e9alis\u00e9e en 2022. Imprim\u00e9e \u00e0 Montpellier sur papier offset 300 g\/m\u00b2.<\/p>\n<p>S\u00e9rie limit\u00e9e de 50 exemplaires. Chaque tirage est num\u00e9rot\u00e9 et sign\u00e9.<\/p>\n<p>Vendue sans cadre. Envoy\u00e9e \u00e0 plat dans un emballage en carton.<\/p>\n<p>Titre : Bivouac en ao\u00fbt majeur<\/p>\n<p>Format papier : 30 x 30 cm<\/p>\n<p>Format de l&rsquo;illustration : 25 x 25 cm<\/p>\n","protected":false},"excerpt":{"rendered":"<p>Tirage num\u00e9rique sur papier offset 300 g\/m\u00b2<br \/>\nFormat papier : 30 x 30 cm<br \/>\nFormat de l&rsquo;illustration : 25 x 25 cm<\/p>\n","protected":false},"featured_media":2984,"template":"","meta":{"neve_meta_sidebar":"","neve_meta_container":"","neve_meta_enable_content_width":"off","neve_meta_content_width":70,"neve_meta_title_alignment":"","neve_meta_author_avatar":"","neve_post_elements_order":"","neve_meta_disable_header":"","neve_meta_disable_footer":"","neve_meta_disable_title":"","_vp_format_video_url":"","_vp_image_focal_point":[]},"product_brand":[],"product_cat":[311,346,54],"product_tag":[273,79,133,274],"class_list":{"0":"post-2982","1":"product","2":"type-product","3":"status-publish","4":"has-post-thumbnail","6":"product_cat-30-x-30-cm","7":"product_cat-gouache-de-saison","8":"product_cat-reproductions","9":"product_tag-bivouac","10":"product_tag-montagne","11":"product_tag-nature","12":"product_tag-randonnee","13":"product_shipping_class-papier","15":"first","16":"instock","17":"shipping-taxable","18":"purchasable","19":"product-type-simple"},"_links":{"self":[{"href":"https:\/\/www.elice-illustration.com\/boutique\/wp-json\/wp\/v2\/product\/2982","targetHints":{"allow":["GET"]}}],"collection":[{"href":"https:\/\/www.elice-illustration.com\/boutique\/wp-json\/wp\/v2\/product"}],"about":[{"href":"https:\/\/www.elice-illustration.com\/boutique\/wp-json\/wp\/v2\/types\/product"}],"wp:featuredmedia":[{"embeddable":true,"href":"https:\/\/www.elice-illustration.com\/boutique\/wp-json\/wp\/v2\/media\/2984"}],"wp:attachment":[{"href":"https:\/\/www.elice-illustration.com\/boutique\/wp-json\/wp\/v2\/media?parent=2982"}],"wp:term":[{"taxonomy":"product_brand","embeddable":true,"href":"https:\/\/www.elice-illustration.com\/boutique\/wp-json\/wp\/v2\/product_brand?post=2982"},{"taxonomy":"product_cat","embeddable":true,"href":"https:\/\/www.elice-illustration.com\/boutique\/wp-json\/wp\/v2\/product_cat?post=2982"},{"taxonomy":"product_tag","embeddable":true,"href":"https:\/\/www.elice-illustration.com\/boutique\/wp-json\/wp\/v2\/product_tag?post=2982"}],"curies":[{"name":"wp","href":"https:\/\/api.w.org\/{rel}","templated":true}]}}