{"id":2803,"date":"2023-01-27T19:04:15","date_gmt":"2023-01-27T18:04:15","guid":{"rendered":"https:\/\/www.elice-illustration.com\/boutique\/?post_type=product&#038;p=2803"},"modified":"2025-11-23T21:35:11","modified_gmt":"2025-11-23T20:35:11","slug":"linogravure-brouhahaha","status":"publish","type":"product","link":"https:\/\/www.elice-illustration.com\/boutique\/produit\/linogravure-brouhahaha\/","title":{"rendered":"Linogravure Brouhahaha !"},"content":{"rendered":"<p>Un battement d&rsquo;aile de tichodrome au dessus des falaises c\u00e9venoles provoquerait, parait-il, de violentes temp\u00eate autour de Montpellier (ces faLinogravure con\u00e7ue, grav\u00e9e et imprim\u00e9e par mes soins sur une presse manuelle. Il s&rsquo;agit d&rsquo;une cr\u00e9ation en 3 plaques grav\u00e9es : deux pour les couleurs, une pour le gaufrage. Les nuages sont en relief \u00ab\u00a0en bosse\u00a0\u00bb par rapport au reste du papier. Il peut y avoir des petites variations d&rsquo;encrage selon les exemplaires.<\/p>\n<p>\u00c9dition limit\u00e9e \u00e0 30 exemplaires. Chaque tirage est sign\u00e9 et num\u00e9rot\u00e9.<\/p>\n<p>Papier Fabriano Rosaspina 285 g\/m\u00b2, blanc. Encre \u00e0 l&rsquo;huile.<\/p>\n<p>Format A4 (21 x 29,7 cm).<\/p>\n<p>Vendue sans cadre, envoy\u00e9 \u00e0 plat dans un emballage renforc\u00e9.<\/p>\n","protected":false},"excerpt":{"rendered":"<p>Linogravure originale avec gaufrage du papier<br \/>\nFormat papier : A4<br \/>\n\u00c9dition limit\u00e9e : 30 exemplaires num\u00e9rot\u00e9s et sign\u00e9s.<\/p>\n","protected":false},"featured_media":2806,"template":"","meta":{"neve_meta_sidebar":"","neve_meta_container":"","neve_meta_enable_content_width":"off","neve_meta_content_width":70,"neve_meta_title_alignment":"","neve_meta_author_avatar":"","neve_post_elements_order":"","neve_meta_disable_header":"","neve_meta_disable_footer":"","neve_meta_disable_title":"","_vp_format_video_url":"","_vp_image_focal_point":[]},"product_brand":[],"product_cat":[44],"product_tag":[249,250,223,251,252],"class_list":{"0":"post-2803","1":"product","2":"type-product","3":"status-publish","4":"has-post-thumbnail","6":"product_cat-linogravure","7":"product_tag-bd","8":"product_tag-gaufrage","9":"product_tag-nuage","10":"product_tag-onomatopee","11":"product_tag-street-art","12":"product_shipping_class-papier","14":"first","15":"instock","16":"shipping-taxable","17":"purchasable","18":"product-type-simple"},"_links":{"self":[{"href":"https:\/\/www.elice-illustration.com\/boutique\/wp-json\/wp\/v2\/product\/2803","targetHints":{"allow":["GET"]}}],"collection":[{"href":"https:\/\/www.elice-illustration.com\/boutique\/wp-json\/wp\/v2\/product"}],"about":[{"href":"https:\/\/www.elice-illustration.com\/boutique\/wp-json\/wp\/v2\/types\/product"}],"wp:featuredmedia":[{"embeddable":true,"href":"https:\/\/www.elice-illustration.com\/boutique\/wp-json\/wp\/v2\/media\/2806"}],"wp:attachment":[{"href":"https:\/\/www.elice-illustration.com\/boutique\/wp-json\/wp\/v2\/media?parent=2803"}],"wp:term":[{"taxonomy":"product_brand","embeddable":true,"href":"https:\/\/www.elice-illustration.com\/boutique\/wp-json\/wp\/v2\/product_brand?post=2803"},{"taxonomy":"product_cat","embeddable":true,"href":"https:\/\/www.elice-illustration.com\/boutique\/wp-json\/wp\/v2\/product_cat?post=2803"},{"taxonomy":"product_tag","embeddable":true,"href":"https:\/\/www.elice-illustration.com\/boutique\/wp-json\/wp\/v2\/product_tag?post=2803"}],"curies":[{"name":"wp","href":"https:\/\/api.w.org\/{rel}","templated":true}]}}