{"id":2690,"date":"2023-01-17T16:14:25","date_gmt":"2023-01-17T15:14:25","guid":{"rendered":"https:\/\/www.elice-illustration.com\/boutique\/?post_type=product&#038;p=2690"},"modified":"2023-01-17T19:27:18","modified_gmt":"2023-01-17T18:27:18","slug":"kandersteg","status":"publish","type":"product","link":"https:\/\/www.elice-illustration.com\/boutique\/produit\/kandersteg\/","title":{"rendered":"Tetragravure Kandersteg"},"content":{"rendered":"<p>Inspir\u00e9e des sommets enneig\u00e9s de la vall\u00e9e de Kandersteg en Suisse, cette estampe est une composition de plusieurs gravures sur tetrapak assembl\u00e9es comme une BD.<\/p>\n<p>La gravure sur t\u00e9trapak (t\u00e9tragravure) est une technique de d\u00e9tournement. Je me sers du carton d&#8217;emballage des briques de lait et de jus de fruit comme d&rsquo;une plaque de m\u00e9tal. Je grave dans la partie int\u00e9rieure, \u00e0 la pointe s\u00e8che.<\/p>\n<p>Chaque tirage est imprim\u00e9 par mes soins, sur une presse manuelle.<\/p>\n<p>\u00c9dition limit\u00e9e de 6 tirages, num\u00e9rot\u00e9s, sign\u00e9s. Format du papier : 25,5 x 33 cm<\/p>\n<p>Les 6 tirages de la s\u00e9rie sont assez diff\u00e9rents, au niveau des teintes et de l&rsquo;encrage. Pour vous aider dans votre choix, j&rsquo;ai r\u00e9alis\u00e9 des photos de chacun des tirages. Le num\u00e9ro de l&rsquo;estampe est not\u00e9 dans le coin en bas \u00e0 gauche des photos.<\/p>\n<p>&nbsp;<\/p>\n","protected":false},"excerpt":{"rendered":"<p>Tetragravure originale<br \/>\nFormat : 25,5 x 33 cm<br \/>\n\u00c9dition limit\u00e9e : 6 exemplaires num\u00e9rot\u00e9s et sign\u00e9s.<\/p>\n","protected":false},"featured_media":2692,"template":"","meta":{"neve_meta_sidebar":"","neve_meta_container":"","neve_meta_enable_content_width":"off","neve_meta_content_width":70,"neve_meta_title_alignment":"","neve_meta_author_avatar":"","neve_post_elements_order":"","neve_meta_disable_header":"","neve_meta_disable_footer":"","neve_meta_disable_title":"","_vp_format_video_url":"","_vp_image_focal_point":[]},"product_brand":[],"product_cat":[52],"product_tag":[103,240,99,79],"class_list":{"0":"post-2690","1":"product","2":"type-product","3":"status-publish","4":"has-post-thumbnail","6":"product_cat-tetragravure","7":"product_tag-foret","8":"product_tag-hiver","9":"product_tag-luge","10":"product_tag-montagne","11":"product_shipping_class-papier","13":"first","14":"instock","15":"shipping-taxable","16":"purchasable","17":"product-type-variable"},"_links":{"self":[{"href":"https:\/\/www.elice-illustration.com\/boutique\/wp-json\/wp\/v2\/product\/2690","targetHints":{"allow":["GET"]}}],"collection":[{"href":"https:\/\/www.elice-illustration.com\/boutique\/wp-json\/wp\/v2\/product"}],"about":[{"href":"https:\/\/www.elice-illustration.com\/boutique\/wp-json\/wp\/v2\/types\/product"}],"wp:featuredmedia":[{"embeddable":true,"href":"https:\/\/www.elice-illustration.com\/boutique\/wp-json\/wp\/v2\/media\/2692"}],"wp:attachment":[{"href":"https:\/\/www.elice-illustration.com\/boutique\/wp-json\/wp\/v2\/media?parent=2690"}],"wp:term":[{"taxonomy":"product_brand","embeddable":true,"href":"https:\/\/www.elice-illustration.com\/boutique\/wp-json\/wp\/v2\/product_brand?post=2690"},{"taxonomy":"product_cat","embeddable":true,"href":"https:\/\/www.elice-illustration.com\/boutique\/wp-json\/wp\/v2\/product_cat?post=2690"},{"taxonomy":"product_tag","embeddable":true,"href":"https:\/\/www.elice-illustration.com\/boutique\/wp-json\/wp\/v2\/product_tag?post=2690"}],"curies":[{"name":"wp","href":"https:\/\/api.w.org\/{rel}","templated":true}]}}