{"id":2653,"date":"2022-12-09T16:47:47","date_gmt":"2022-12-09T15:47:47","guid":{"rendered":"https:\/\/www.elice-illustration.com\/boutique\/?post_type=product&#038;p=2653"},"modified":"2024-06-18T15:37:49","modified_gmt":"2024-06-18T13:37:49","slug":"linogravure-sirene-coraline","status":"publish","type":"product","link":"https:\/\/www.elice-illustration.com\/boutique\/produit\/linogravure-sirene-coraline\/","title":{"rendered":"Linogravure Sir\u00e8ne Coraline"},"content":{"rendered":"<p>Linogravure imprim\u00e9e par mes soins, sur une presse manuelle. Il peut y avoir des petites variations d&rsquo;encrage selon les exemplaires.<\/p>\n<p>Papier Fabriano Rosaspina 220g\/m\u00b2, blanc. Encre \u00e0 l&rsquo;huile. Dimension de l&rsquo;estampe : 14x14cm<\/p>\n<p>Cette estampe est vendue sans cadre, envoy\u00e9e \u00e0 plat, emball\u00e9e dans du papier de soie et prot\u00e9g\u00e9e par du carton renforc\u00e9.<\/p>\n<p>Coraline a 4 copines : <a href=\"https:\/\/www.elice-illustration.com\/boutique\/produit\/linogravure-sirene-almodee\/\">Almod\u00e9e<\/a>, <a href=\"https:\/\/www.elice-illustration.com\/boutique\/produit\/linogravure-sirene-berenice\/\">B\u00e9r\u00e9nice<\/a> et <a href=\"https:\/\/www.elice-illustration.com\/boutique\/produit\/linogravure-sirene-dorphina\/\">Dorphina<\/a>, \u00e9galement disponibles dans ma boutique.<\/p>\n","protected":false},"excerpt":{"rendered":"<p>Linogravure originale<br \/>\nFormat papier : 14cm x 14cm<br \/>\nFormat illustration : 8cm x 8cm<\/p>\n","protected":false},"featured_media":2648,"template":"","meta":{"neve_meta_sidebar":"","neve_meta_container":"","neve_meta_enable_content_width":"off","neve_meta_content_width":70,"neve_meta_title_alignment":"","neve_meta_author_avatar":"","neve_post_elements_order":"","neve_meta_disable_header":"","neve_meta_disable_footer":"","neve_meta_disable_title":"","_vp_format_video_url":"","_vp_image_focal_point":[]},"product_brand":[],"product_cat":[44],"product_tag":[234,28,50],"class_list":{"0":"post-2653","1":"product","2":"type-product","3":"status-publish","4":"has-post-thumbnail","6":"product_cat-linogravure","7":"product_tag-bodypositive","8":"product_tag-poisson","9":"product_tag-sirene","10":"product_shipping_class-papier","12":"first","13":"instock","14":"shipping-taxable","15":"purchasable","16":"product-type-simple"},"_links":{"self":[{"href":"https:\/\/www.elice-illustration.com\/boutique\/wp-json\/wp\/v2\/product\/2653","targetHints":{"allow":["GET"]}}],"collection":[{"href":"https:\/\/www.elice-illustration.com\/boutique\/wp-json\/wp\/v2\/product"}],"about":[{"href":"https:\/\/www.elice-illustration.com\/boutique\/wp-json\/wp\/v2\/types\/product"}],"wp:featuredmedia":[{"embeddable":true,"href":"https:\/\/www.elice-illustration.com\/boutique\/wp-json\/wp\/v2\/media\/2648"}],"wp:attachment":[{"href":"https:\/\/www.elice-illustration.com\/boutique\/wp-json\/wp\/v2\/media?parent=2653"}],"wp:term":[{"taxonomy":"product_brand","embeddable":true,"href":"https:\/\/www.elice-illustration.com\/boutique\/wp-json\/wp\/v2\/product_brand?post=2653"},{"taxonomy":"product_cat","embeddable":true,"href":"https:\/\/www.elice-illustration.com\/boutique\/wp-json\/wp\/v2\/product_cat?post=2653"},{"taxonomy":"product_tag","embeddable":true,"href":"https:\/\/www.elice-illustration.com\/boutique\/wp-json\/wp\/v2\/product_tag?post=2653"}],"curies":[{"name":"wp","href":"https:\/\/api.w.org\/{rel}","templated":true}]}}