{"id":2536,"date":"2022-11-03T11:11:19","date_gmt":"2022-11-03T10:11:19","guid":{"rendered":"https:\/\/www.elice-illustration.com\/boutique\/?post_type=product&#038;p=2536"},"modified":"2024-12-10T15:57:03","modified_gmt":"2024-12-10T14:57:03","slug":"affiche-a5-chimere","status":"publish","type":"product","link":"https:\/\/www.elice-illustration.com\/boutique\/produit\/affiche-a5-chimere\/","title":{"rendered":"Affiche A5 Chim\u00e8re"},"content":{"rendered":"<p>Reproduction d&rsquo;illustration num\u00e9rique. Imprim\u00e9e \u00e0 Montpellier sur papier de cr\u00e9ation 300 g\/m\u00b2 tr\u00e8s l\u00e9g\u00e8rement textur\u00e9.<\/p>\n<p>Chaque tirage est num\u00e9rot\u00e9 et sign\u00e9 au crayon \u00e0 papier. S\u00e9rie limit\u00e9e \u00e0 100 exemplaires.<\/p>\n<p>Exp\u00e9di\u00e9 \u00e0 plat dans un emballage en carton.<\/p>\n<p>Format papier : A5<\/p>\n","protected":false},"excerpt":{"rendered":"<p>Tirage num\u00e9rique sur papier de cr\u00e9ation 300 g\/m\u00b2<br \/>\nFormat papier : A5<\/p>\n","protected":false},"featured_media":2537,"template":"","meta":{"neve_meta_sidebar":"","neve_meta_container":"","neve_meta_enable_content_width":"off","neve_meta_content_width":70,"neve_meta_title_alignment":"","neve_meta_author_avatar":"","neve_post_elements_order":"","neve_meta_disable_header":"","neve_meta_disable_footer":"","neve_meta_disable_title":"","_vp_format_video_url":"","_vp_image_focal_point":[]},"product_brand":[],"product_cat":[344,54],"product_tag":[229,230,50],"class_list":{"0":"post-2536","1":"product","2":"type-product","3":"status-publish","4":"has-post-thumbnail","6":"product_cat-les-sirenes-aussi-ont-des-algues-sous-les-bras","7":"product_cat-reproductions","8":"product_tag-biere","9":"product_tag-craftbeer","10":"product_tag-sirene","11":"product_shipping_class-papier","13":"first","14":"instock","15":"shipping-taxable","16":"purchasable","17":"product-type-simple"},"_links":{"self":[{"href":"https:\/\/www.elice-illustration.com\/boutique\/wp-json\/wp\/v2\/product\/2536","targetHints":{"allow":["GET"]}}],"collection":[{"href":"https:\/\/www.elice-illustration.com\/boutique\/wp-json\/wp\/v2\/product"}],"about":[{"href":"https:\/\/www.elice-illustration.com\/boutique\/wp-json\/wp\/v2\/types\/product"}],"wp:featuredmedia":[{"embeddable":true,"href":"https:\/\/www.elice-illustration.com\/boutique\/wp-json\/wp\/v2\/media\/2537"}],"wp:attachment":[{"href":"https:\/\/www.elice-illustration.com\/boutique\/wp-json\/wp\/v2\/media?parent=2536"}],"wp:term":[{"taxonomy":"product_brand","embeddable":true,"href":"https:\/\/www.elice-illustration.com\/boutique\/wp-json\/wp\/v2\/product_brand?post=2536"},{"taxonomy":"product_cat","embeddable":true,"href":"https:\/\/www.elice-illustration.com\/boutique\/wp-json\/wp\/v2\/product_cat?post=2536"},{"taxonomy":"product_tag","embeddable":true,"href":"https:\/\/www.elice-illustration.com\/boutique\/wp-json\/wp\/v2\/product_tag?post=2536"}],"curies":[{"name":"wp","href":"https:\/\/api.w.org\/{rel}","templated":true}]}}