{"id":2350,"date":"2022-03-08T16:59:45","date_gmt":"2022-03-08T15:59:45","guid":{"rendered":"https:\/\/www.elice-illustration.com\/boutique\/?post_type=product&#038;p=2350"},"modified":"2023-08-30T22:25:26","modified_gmt":"2023-08-30T20:25:26","slug":"linogravure-chocolama","status":"publish","type":"product","link":"https:\/\/www.elice-illustration.com\/boutique\/produit\/linogravure-chocolama\/","title":{"rendered":"Linogravure Chocolama"},"content":{"rendered":"<p>Linogravure grav\u00e9e et imprim\u00e9e par mes soins sur une presse manuelle. J&rsquo;ai choisi une jolie couleur chocolat pour imprimer ce lama au milieu des cactus, sur un papier d\u00e9licatement ivoire. Il peut y avoir des petites variations d&rsquo;encrage selon les exemplaires.<\/p>\n<p>\u00c9dition limit\u00e9e \u00e0 30 exemplaires. Chaque tirage est sign\u00e9 et num\u00e9rot\u00e9.<\/p>\n<p>Papier Fabriano Unica 250g\/m\u00b2, ivoire. Encre \u00e0 l&rsquo;huile.<\/p>\n<p>Format A4 (21 x 29,7 cm).<\/p>\n<p>&nbsp;<\/p>\n","protected":false},"excerpt":{"rendered":"<p>Linogravure originale<br \/>\nFormat papier : A4<br \/>\n\u00c9dition limit\u00e9e : 30 exemplaires num\u00e9rot\u00e9s et sign\u00e9s.<\/p>\n","protected":false},"featured_media":2351,"template":"","meta":{"neve_meta_sidebar":"","neve_meta_container":"","neve_meta_enable_content_width":"off","neve_meta_content_width":70,"neve_meta_title_alignment":"","neve_meta_author_avatar":"","neve_post_elements_order":"","neve_meta_disable_header":"","neve_meta_disable_footer":"","neve_meta_disable_title":"","_vp_format_video_url":"","_vp_image_focal_point":[]},"product_brand":[],"product_cat":[44],"product_tag":[130,212,211],"class_list":{"0":"post-2350","1":"product","2":"type-product","3":"status-publish","4":"has-post-thumbnail","6":"product_cat-linogravure","7":"product_tag-animal","8":"product_tag-cactus","9":"product_tag-lama","10":"product_shipping_class-papier","12":"first","13":"instock","14":"shipping-taxable","15":"purchasable","16":"product-type-simple"},"_links":{"self":[{"href":"https:\/\/www.elice-illustration.com\/boutique\/wp-json\/wp\/v2\/product\/2350","targetHints":{"allow":["GET"]}}],"collection":[{"href":"https:\/\/www.elice-illustration.com\/boutique\/wp-json\/wp\/v2\/product"}],"about":[{"href":"https:\/\/www.elice-illustration.com\/boutique\/wp-json\/wp\/v2\/types\/product"}],"wp:featuredmedia":[{"embeddable":true,"href":"https:\/\/www.elice-illustration.com\/boutique\/wp-json\/wp\/v2\/media\/2351"}],"wp:attachment":[{"href":"https:\/\/www.elice-illustration.com\/boutique\/wp-json\/wp\/v2\/media?parent=2350"}],"wp:term":[{"taxonomy":"product_brand","embeddable":true,"href":"https:\/\/www.elice-illustration.com\/boutique\/wp-json\/wp\/v2\/product_brand?post=2350"},{"taxonomy":"product_cat","embeddable":true,"href":"https:\/\/www.elice-illustration.com\/boutique\/wp-json\/wp\/v2\/product_cat?post=2350"},{"taxonomy":"product_tag","embeddable":true,"href":"https:\/\/www.elice-illustration.com\/boutique\/wp-json\/wp\/v2\/product_tag?post=2350"}],"curies":[{"name":"wp","href":"https:\/\/api.w.org\/{rel}","templated":true}]}}