{"id":1523,"date":"2020-12-07T17:48:42","date_gmt":"2020-12-07T16:48:42","guid":{"rendered":"https:\/\/www.elice-illustration.com\/boutique\/?post_type=product&#038;p=1523"},"modified":"2020-12-08T17:35:04","modified_gmt":"2020-12-08T16:35:04","slug":"suspension-bougie","status":"publish","type":"product","link":"https:\/\/www.elice-illustration.com\/boutique\/produit\/suspension-bougie\/","title":{"rendered":"Suspension Bougie"},"content":{"rendered":"<p>Suspension rustique bois et linogravure.<\/p>\n<p>Les rondelles de bois proviennent d&rsquo;Ard\u00e8che, elles sont issues des d\u00e9chets de l&rsquo;\u00e9lagage. Je les utilise brutes : pas ou tr\u00e8s peu de pon\u00e7age. Suivant l&rsquo;essence du bois, la surface est plus ou moins rugueuse et aura un aspect diff\u00e9rent.<\/p>\n<p>Le motif est imprim\u00e9 \u00e0 la main. C&rsquo;est un tampon que j&rsquo;ai grav\u00e9.<\/p>\n<p>Chaque pi\u00e8ce est unique : le rendu est al\u00e9atoire et peut varier par rapport \u00e0 la photo. L&rsquo;intensit\u00e9 de l&rsquo;encre, la position du motif, la taille et la couleur des rondelles de bois (cela varie en fonction des essences)&#8230; Parfois, il reste des morceaux d&rsquo;\u00e9corces, parfois l&rsquo;\u00e9corce est intacte.<\/p>\n<p>Diam\u00e8tre entre 5 et 6 cm.<\/p>\n","protected":false},"excerpt":{"rendered":"<p>Suspension bois et linogravure.<br \/>\nImpression recto\/verso.<br \/>\n\u00d8 entre 5 et 6 cm<\/p>\n","protected":false},"featured_media":1517,"template":"","meta":{"neve_meta_sidebar":"","neve_meta_container":"","neve_meta_enable_content_width":"off","neve_meta_content_width":0,"neve_meta_title_alignment":"","neve_meta_author_avatar":"","neve_post_elements_order":"","neve_meta_disable_header":"","neve_meta_disable_footer":"","neve_meta_disable_title":"","_vp_format_video_url":"","_vp_image_focal_point":[]},"product_brand":[],"product_cat":[57],"product_tag":[112,114,109,116,108],"class_list":{"0":"post-1523","1":"product","2":"type-product","3":"status-publish","4":"has-post-thumbnail","6":"product_cat-deco-de-noel","7":"product_tag-bougie","8":"product_tag-clementine","9":"product_tag-noel","10":"product_tag-parfum-de-noel","11":"product_tag-suspension","13":"first","14":"instock","15":"shipping-taxable","16":"purchasable","17":"product-type-simple"},"_links":{"self":[{"href":"https:\/\/www.elice-illustration.com\/boutique\/wp-json\/wp\/v2\/product\/1523","targetHints":{"allow":["GET"]}}],"collection":[{"href":"https:\/\/www.elice-illustration.com\/boutique\/wp-json\/wp\/v2\/product"}],"about":[{"href":"https:\/\/www.elice-illustration.com\/boutique\/wp-json\/wp\/v2\/types\/product"}],"wp:featuredmedia":[{"embeddable":true,"href":"https:\/\/www.elice-illustration.com\/boutique\/wp-json\/wp\/v2\/media\/1517"}],"wp:attachment":[{"href":"https:\/\/www.elice-illustration.com\/boutique\/wp-json\/wp\/v2\/media?parent=1523"}],"wp:term":[{"taxonomy":"product_brand","embeddable":true,"href":"https:\/\/www.elice-illustration.com\/boutique\/wp-json\/wp\/v2\/product_brand?post=1523"},{"taxonomy":"product_cat","embeddable":true,"href":"https:\/\/www.elice-illustration.com\/boutique\/wp-json\/wp\/v2\/product_cat?post=1523"},{"taxonomy":"product_tag","embeddable":true,"href":"https:\/\/www.elice-illustration.com\/boutique\/wp-json\/wp\/v2\/product_tag?post=1523"}],"curies":[{"name":"wp","href":"https:\/\/api.w.org\/{rel}","templated":true}]}}