{"id":1469,"date":"2020-12-03T19:29:54","date_gmt":"2020-12-03T18:29:54","guid":{"rendered":"https:\/\/www.elice-illustration.com\/boutique\/?post_type=product&#038;p=1469"},"modified":"2023-01-05T15:55:42","modified_gmt":"2023-01-05T14:55:42","slug":"la-cueilleuse","status":"publish","type":"product","link":"https:\/\/www.elice-illustration.com\/boutique\/produit\/la-cueilleuse\/","title":{"rendered":"La cueilleuse"},"content":{"rendered":"<p>Linogravure originale. Technique dite \u00ab\u00a0\u00e0 plaque perdue\u00a0\u00bb, qui consiste \u00e0 creuser un plus la m\u00eame plaque, en imprimant au fur et \u00e0 mesure,\u00a0 pour obtenir les diff\u00e9rentes couleurs.<\/p>\n<p>Les tirages sont r\u00e9alis\u00e9s sur une presse manuelle. Il peut y avoir des petites variations d&rsquo;encrage et de l\u00e9gers d\u00e9calages selon les exemplaires.<\/p>\n<p>\u00c9dition papier limit\u00e9e \u00e0 25 exemplaires. Chaque tirage est sign\u00e9 et num\u00e9rot\u00e9.<\/p>\n<p>&nbsp;<\/p>\n","protected":false},"excerpt":{"rendered":"<p>Linogravure originale<br \/>\nEncres de couleur \u00e0 l&rsquo;huile<br \/>\nFormat 30cm x 15 cm<br \/>\n\u00c9dition limit\u00e9e : 25 exemplaires num\u00e9rot\u00e9s et sign\u00e9s.<\/p>\n","protected":false},"featured_media":2375,"template":"","meta":{"neve_meta_sidebar":"","neve_meta_container":"","neve_meta_enable_content_width":"off","neve_meta_content_width":70,"neve_meta_title_alignment":"","neve_meta_author_avatar":"","neve_post_elements_order":"","neve_meta_disable_header":"","neve_meta_disable_footer":"","neve_meta_disable_title":"","_vp_format_video_url":"","_vp_image_focal_point":[]},"product_brand":[],"product_cat":[44],"product_tag":[70,28,50],"class_list":{"0":"post-1469","1":"product","2":"type-product","3":"status-publish","4":"has-post-thumbnail","6":"product_cat-linogravure","7":"product_tag-aquatique","8":"product_tag-poisson","9":"product_tag-sirene","10":"product_shipping_class-papier","12":"first","13":"instock","14":"shipping-taxable","15":"purchasable","16":"product-type-simple"},"_links":{"self":[{"href":"https:\/\/www.elice-illustration.com\/boutique\/wp-json\/wp\/v2\/product\/1469","targetHints":{"allow":["GET"]}}],"collection":[{"href":"https:\/\/www.elice-illustration.com\/boutique\/wp-json\/wp\/v2\/product"}],"about":[{"href":"https:\/\/www.elice-illustration.com\/boutique\/wp-json\/wp\/v2\/types\/product"}],"wp:featuredmedia":[{"embeddable":true,"href":"https:\/\/www.elice-illustration.com\/boutique\/wp-json\/wp\/v2\/media\/2375"}],"wp:attachment":[{"href":"https:\/\/www.elice-illustration.com\/boutique\/wp-json\/wp\/v2\/media?parent=1469"}],"wp:term":[{"taxonomy":"product_brand","embeddable":true,"href":"https:\/\/www.elice-illustration.com\/boutique\/wp-json\/wp\/v2\/product_brand?post=1469"},{"taxonomy":"product_cat","embeddable":true,"href":"https:\/\/www.elice-illustration.com\/boutique\/wp-json\/wp\/v2\/product_cat?post=1469"},{"taxonomy":"product_tag","embeddable":true,"href":"https:\/\/www.elice-illustration.com\/boutique\/wp-json\/wp\/v2\/product_tag?post=1469"}],"curies":[{"name":"wp","href":"https:\/\/api.w.org\/{rel}","templated":true}]}}