{"id":1342,"date":"2020-11-30T22:56:20","date_gmt":"2020-11-30T21:56:20","guid":{"rendered":"https:\/\/www.elice-illustration.com\/boutique\/?post_type=product&#038;p=1342"},"modified":"2025-03-12T18:13:48","modified_gmt":"2025-03-12T17:13:48","slug":"phileonde","status":"publish","type":"product","link":"https:\/\/www.elice-illustration.com\/boutique\/produit\/phileonde\/","title":{"rendered":"Phil\u00e9onde"},"content":{"rendered":"<p>Linogravure originale imprim\u00e9e par mes soins, sur une presse manuelle. Il peut y avoir des petites variations d&rsquo;encrage selon les exemplaires.<\/p>\n<p>\u00c9dition papier limit\u00e9e \u00e0 15 exemplaires. Chaque tirage est sign\u00e9 et num\u00e9rot\u00e9.<\/p>\n<p>Phil\u00e9onde est aussi imprim\u00e9e sur T-shirts et sacs (s\u00e9rie sur textile limit\u00e9e de 50 ex.)<\/p>\n<div class=\"woocommerce-tabs wc-tabs-wrapper\">\n<div id=\"tab-description\" class=\"woocommerce-Tabs-panel woocommerce-Tabs-panel--description panel entry-content wc-tab\" role=\"tabpanel\" aria-labelledby=\"tab-title-description\">\n<p>Cette estampe est vendue sans cadre, envoy\u00e9e \u00e0 plat, emball\u00e9e dans du papier de soie et prot\u00e9g\u00e9e par du carton renforc\u00e9.<\/p>\n<\/div>\n<\/div>\n<section class=\"related products\"><\/section>\n","protected":false},"excerpt":{"rendered":"<p>Linogravure originale<br \/>\nEncre \u00e0 l&rsquo;huile<br \/>\nFormat papier : 30cm x 40cm<br \/>\n\u00c9dition limit\u00e9e : 15 exemplaires num\u00e9rot\u00e9s et sign\u00e9s.<\/p>\n","protected":false},"featured_media":2385,"template":"","meta":{"neve_meta_sidebar":"","neve_meta_container":"","neve_meta_enable_content_width":"off","neve_meta_content_width":70,"neve_meta_title_alignment":"","neve_meta_author_avatar":"","neve_post_elements_order":"","neve_meta_disable_header":"","neve_meta_disable_footer":"","neve_meta_disable_title":"","_vp_format_video_url":"","_vp_image_focal_point":[]},"product_brand":[],"product_cat":[44],"product_tag":[70,28,50],"class_list":{"0":"post-1342","1":"product","2":"type-product","3":"status-publish","4":"has-post-thumbnail","6":"product_cat-linogravure","7":"product_tag-aquatique","8":"product_tag-poisson","9":"product_tag-sirene","10":"product_shipping_class-papier","12":"first","13":"instock","14":"shipping-taxable","15":"purchasable","16":"product-type-simple"},"_links":{"self":[{"href":"https:\/\/www.elice-illustration.com\/boutique\/wp-json\/wp\/v2\/product\/1342","targetHints":{"allow":["GET"]}}],"collection":[{"href":"https:\/\/www.elice-illustration.com\/boutique\/wp-json\/wp\/v2\/product"}],"about":[{"href":"https:\/\/www.elice-illustration.com\/boutique\/wp-json\/wp\/v2\/types\/product"}],"wp:featuredmedia":[{"embeddable":true,"href":"https:\/\/www.elice-illustration.com\/boutique\/wp-json\/wp\/v2\/media\/2385"}],"wp:attachment":[{"href":"https:\/\/www.elice-illustration.com\/boutique\/wp-json\/wp\/v2\/media?parent=1342"}],"wp:term":[{"taxonomy":"product_brand","embeddable":true,"href":"https:\/\/www.elice-illustration.com\/boutique\/wp-json\/wp\/v2\/product_brand?post=1342"},{"taxonomy":"product_cat","embeddable":true,"href":"https:\/\/www.elice-illustration.com\/boutique\/wp-json\/wp\/v2\/product_cat?post=1342"},{"taxonomy":"product_tag","embeddable":true,"href":"https:\/\/www.elice-illustration.com\/boutique\/wp-json\/wp\/v2\/product_tag?post=1342"}],"curies":[{"name":"wp","href":"https:\/\/api.w.org\/{rel}","templated":true}]}}