{"id":1295,"date":"2020-11-30T18:08:34","date_gmt":"2020-11-30T17:08:34","guid":{"rendered":"https:\/\/www.elice-illustration.com\/boutique\/?post_type=product&#038;p=1295"},"modified":"2023-01-05T15:58:35","modified_gmt":"2023-01-05T14:58:35","slug":"casoar","status":"publish","type":"product","link":"https:\/\/www.elice-illustration.com\/boutique\/produit\/casoar\/","title":{"rendered":"Casoar"},"content":{"rendered":"<p>Linogravure imprim\u00e9e par mes soins, sur une presse manuelle. Il peut y avoir des petites variations d&rsquo;encrage selon les exemplaires.<\/p>\n<p>\u00c9dition sur papier limit\u00e9e \u00e0 15 exemplaires (+ une s\u00e9rie sur textile limit\u00e9e \u00e0 50 ex.). Chaque tirage est sign\u00e9 et num\u00e9rot\u00e9.<\/p>\n<p>Papier Fabriano Rosaspina 220g\/m\u00b2, couleur blanc ou cr\u00e8me. Encre \u00e0 l&rsquo;huile.<\/p>\n<p>&nbsp;<\/p>\n","protected":false},"excerpt":{"rendered":"<p>Linogravure originale<br \/>\nFormat papier : 25cm x 25cm<br \/>\nFormat illustration : 18cm x 18cm<br \/>\n\u00c9dition limit\u00e9e : 15 exemplaires num\u00e9rot\u00e9s et sign\u00e9s.<\/p>\n","protected":false},"featured_media":1268,"template":"","meta":{"neve_meta_sidebar":"","neve_meta_container":"","neve_meta_enable_content_width":"off","neve_meta_content_width":70,"neve_meta_title_alignment":"","neve_meta_author_avatar":"","neve_post_elements_order":"","neve_meta_disable_header":"","neve_meta_disable_footer":"","neve_meta_disable_title":"","_vp_format_video_url":"","_vp_image_focal_point":[]},"product_brand":[],"product_cat":[44],"product_tag":[81,87,72],"class_list":{"0":"post-1295","1":"product","2":"type-product","3":"status-publish","4":"has-post-thumbnail","6":"product_cat-linogravure","7":"product_tag-australie","8":"product_tag-casoar","9":"product_tag-oiseau","10":"product_shipping_class-papier","12":"first","13":"instock","14":"shipping-taxable","15":"purchasable","16":"product-type-variable"},"_links":{"self":[{"href":"https:\/\/www.elice-illustration.com\/boutique\/wp-json\/wp\/v2\/product\/1295","targetHints":{"allow":["GET"]}}],"collection":[{"href":"https:\/\/www.elice-illustration.com\/boutique\/wp-json\/wp\/v2\/product"}],"about":[{"href":"https:\/\/www.elice-illustration.com\/boutique\/wp-json\/wp\/v2\/types\/product"}],"wp:featuredmedia":[{"embeddable":true,"href":"https:\/\/www.elice-illustration.com\/boutique\/wp-json\/wp\/v2\/media\/1268"}],"wp:attachment":[{"href":"https:\/\/www.elice-illustration.com\/boutique\/wp-json\/wp\/v2\/media?parent=1295"}],"wp:term":[{"taxonomy":"product_brand","embeddable":true,"href":"https:\/\/www.elice-illustration.com\/boutique\/wp-json\/wp\/v2\/product_brand?post=1295"},{"taxonomy":"product_cat","embeddable":true,"href":"https:\/\/www.elice-illustration.com\/boutique\/wp-json\/wp\/v2\/product_cat?post=1295"},{"taxonomy":"product_tag","embeddable":true,"href":"https:\/\/www.elice-illustration.com\/boutique\/wp-json\/wp\/v2\/product_tag?post=1295"}],"curies":[{"name":"wp","href":"https:\/\/api.w.org\/{rel}","templated":true}]}}