{"id":1092,"date":"2020-11-28T15:31:34","date_gmt":"2020-11-28T14:31:34","guid":{"rendered":"https:\/\/www.elice-illustration.com\/boutique\/?post_type=product&#038;p=1092"},"modified":"2026-03-30T13:09:06","modified_gmt":"2026-03-30T11:09:06","slug":"t-shirt-birdz-homme-2","status":"publish","type":"product","link":"https:\/\/www.elice-illustration.com\/boutique\/produit\/t-shirt-birdz-homme-2\/","title":{"rendered":"T-Shirt Birdz Homme"},"content":{"rendered":"<h6>\u00e9dition limit\u00e9e<\/h6>\n<p>S\u00e9rie de 100 T-shirts num\u00e9rot\u00e9s dans le col.<\/p>\n<h6>Textile<\/h6>\n<p>T-shirt en\u00a0<strong>coton certifi\u00e9 biologique. <\/strong>Fabrication <a href=\"https:\/\/www.elice-illustration.com\/boutique\/a-propos\/#textile\">\u00e9thique et responsable<\/a>.<br \/>\n<a href=\"https:\/\/www.elice-illustration.com\/boutique\/a-propos\/#tailles\">Choisir sa taille.<\/a><\/p>\n<h6>Linogravure<\/h6>\n<p>Le visuel a \u00e9t\u00e9 <strong>grav\u00e9 \u00e0 la main<\/strong>\u00a0dans une plaque de linol\u00e9um avant d&rsquo;\u00eatre\u00a0press\u00e9\u00a0sur le T-shirt. Le visuel prendra\u00a0son aspect d\u00e9finitif apr\u00e8s le premier lavage, qui lui donnera un petit c\u00f4t\u00e9\u00a0<strong>l\u00e9g\u00e8rement pass\u00e9<\/strong>. Apr\u00e8s \u00e7a, il ne bougera plus ! L&rsquo;encre \u00e0 base d&rsquo;<strong>huile de lin<\/strong>, ne contient pas de m\u00e9taux lourds et r\u00e9siste tr\u00e8s longtemps aux lavages.<\/p>\n<p>Les positions des feuilles et de l&rsquo;oiseau qui volent peut varier d&rsquo;un T-shirt \u00e0 l&rsquo;autre, car ce sont des petits tampons s\u00e9par\u00e9s que je dispose al\u00e9atoirement.<\/p>\n","protected":false},"excerpt":{"rendered":"<p>T-shirt 100% coton biologique GOTS.<br \/>\nImpression de linogravure.<br \/>\n\u00c9dition limit\u00e9e et num\u00e9rot\u00e9e.<\/p>\n","protected":false},"featured_media":1063,"template":"","meta":{"neve_meta_sidebar":"","neve_meta_container":"","neve_meta_enable_content_width":"off","neve_meta_content_width":100,"neve_meta_title_alignment":"","neve_meta_author_avatar":"","neve_post_elements_order":"","neve_meta_disable_header":"","neve_meta_disable_footer":"","neve_meta_disable_title":"","_vp_format_video_url":"","_vp_image_focal_point":[]},"product_brand":[],"product_cat":[60,23],"product_tag":[73,72],"class_list":{"0":"post-1092","1":"product","2":"type-product","3":"status-publish","4":"has-post-thumbnail","6":"product_cat-t-shirts","7":"product_cat-t-shirts-sacs","8":"product_tag-arbre","9":"product_tag-oiseau","10":"product_shipping_class-tshirt","11":"pa_couleur-bleu-gris","12":"pa_couleur-bordeaux","13":"pa_couleur-vert","14":"pa_taille-l","15":"pa_taille-m","16":"pa_taille-s","17":"pa_taille-xl","18":"pa_taille-xxl","20":"first","21":"onbackorder","22":"shipping-taxable","23":"purchasable","24":"product-type-variable"},"_links":{"self":[{"href":"https:\/\/www.elice-illustration.com\/boutique\/wp-json\/wp\/v2\/product\/1092","targetHints":{"allow":["GET"]}}],"collection":[{"href":"https:\/\/www.elice-illustration.com\/boutique\/wp-json\/wp\/v2\/product"}],"about":[{"href":"https:\/\/www.elice-illustration.com\/boutique\/wp-json\/wp\/v2\/types\/product"}],"wp:featuredmedia":[{"embeddable":true,"href":"https:\/\/www.elice-illustration.com\/boutique\/wp-json\/wp\/v2\/media\/1063"}],"wp:attachment":[{"href":"https:\/\/www.elice-illustration.com\/boutique\/wp-json\/wp\/v2\/media?parent=1092"}],"wp:term":[{"taxonomy":"product_brand","embeddable":true,"href":"https:\/\/www.elice-illustration.com\/boutique\/wp-json\/wp\/v2\/product_brand?post=1092"},{"taxonomy":"product_cat","embeddable":true,"href":"https:\/\/www.elice-illustration.com\/boutique\/wp-json\/wp\/v2\/product_cat?post=1092"},{"taxonomy":"product_tag","embeddable":true,"href":"https:\/\/www.elice-illustration.com\/boutique\/wp-json\/wp\/v2\/product_tag?post=1092"}],"curies":[{"name":"wp","href":"https:\/\/api.w.org\/{rel}","templated":true}]}}