{"id":1001,"date":"2020-11-27T21:42:49","date_gmt":"2020-11-27T20:42:49","guid":{"rendered":"https:\/\/www.elice-illustration.com\/boutique\/?post_type=product&#038;p=1001"},"modified":"2024-03-10T12:50:48","modified_gmt":"2024-03-10T11:50:48","slug":"tote-bag-miamz","status":"publish","type":"product","link":"https:\/\/www.elice-illustration.com\/boutique\/produit\/tote-bag-miamz\/","title":{"rendered":"Tote bag Miamz"},"content":{"rendered":"<h6>\u00e9dition limit\u00e9e<\/h6>\n<p>S\u00e9rie de 50 tote bags num\u00e9rot\u00e9s \u00e0 l&rsquo;int\u00e9rieur.<\/p>\n<h6>Textile<\/h6>\n<p>Les sacs \u00e9crus sont en coton biologique, les sacs bleus sont m\u00e9lang\u00e9s coton bio recycl\u00e9\/polyester recycl\u00e9. Fabrication <a href=\"https:\/\/www.elice-illustration.com\/boutique\/a-propos\/#textile\">\u00e9thique et responsable<\/a>.<\/p>\n<h6>Linogravure<\/h6>\n<p>Le visuel a \u00e9t\u00e9 <strong>grav\u00e9 \u00e0 la main<\/strong>\u00a0dans une plaque de linol\u00e9um avant d&rsquo;\u00eatre\u00a0press\u00e9\u00a0sur le T-shirt. Le visuel prendra\u00a0son aspect d\u00e9finitif apr\u00e8s le premier lavage, qui lui donnera un petit c\u00f4t\u00e9\u00a0<strong>l\u00e9g\u00e8rement pass\u00e9<\/strong>. Apr\u00e8s \u00e7a, il ne bougera plus ! L&rsquo;encre \u00e0 base d&rsquo;<strong>huile de lin<\/strong>\u00a0ne contient pas de m\u00e9taux lourds et r\u00e9siste tr\u00e8s longtemps aux lavages.<\/p>\n","protected":false},"excerpt":{"rendered":"<p>Tote bag coton bio\/polyester recycl\u00e9.<br \/>\nImpression de linogravure.<br \/>\n\u00c9dition limit\u00e9e et num\u00e9rot\u00e9e.<\/p>\n","protected":false},"featured_media":985,"template":"","meta":{"neve_meta_sidebar":"","neve_meta_container":"","neve_meta_enable_content_width":"off","neve_meta_content_width":70,"neve_meta_title_alignment":"","neve_meta_author_avatar":"","neve_post_elements_order":"","neve_meta_disable_header":"","neve_meta_disable_footer":"","neve_meta_disable_title":"","_vp_format_video_url":"","_vp_image_focal_point":[]},"product_brand":[],"product_cat":[23,59],"product_tag":[71],"class_list":{"0":"post-1001","1":"product","2":"type-product","3":"status-publish","4":"has-post-thumbnail","6":"product_cat-t-shirts-sacs","7":"product_cat-tote-bags","8":"product_tag-plante-carnivore","9":"product_shipping_class-tshirt","10":"pa_couleur-bleu","11":"pa_couleur-ecru","13":"first","14":"instock","15":"shipping-taxable","16":"purchasable","17":"product-type-variable"},"_links":{"self":[{"href":"https:\/\/www.elice-illustration.com\/boutique\/wp-json\/wp\/v2\/product\/1001","targetHints":{"allow":["GET"]}}],"collection":[{"href":"https:\/\/www.elice-illustration.com\/boutique\/wp-json\/wp\/v2\/product"}],"about":[{"href":"https:\/\/www.elice-illustration.com\/boutique\/wp-json\/wp\/v2\/types\/product"}],"wp:featuredmedia":[{"embeddable":true,"href":"https:\/\/www.elice-illustration.com\/boutique\/wp-json\/wp\/v2\/media\/985"}],"wp:attachment":[{"href":"https:\/\/www.elice-illustration.com\/boutique\/wp-json\/wp\/v2\/media?parent=1001"}],"wp:term":[{"taxonomy":"product_brand","embeddable":true,"href":"https:\/\/www.elice-illustration.com\/boutique\/wp-json\/wp\/v2\/product_brand?post=1001"},{"taxonomy":"product_cat","embeddable":true,"href":"https:\/\/www.elice-illustration.com\/boutique\/wp-json\/wp\/v2\/product_cat?post=1001"},{"taxonomy":"product_tag","embeddable":true,"href":"https:\/\/www.elice-illustration.com\/boutique\/wp-json\/wp\/v2\/product_tag?post=1001"}],"curies":[{"name":"wp","href":"https:\/\/api.w.org\/{rel}","templated":true}]}}