{"id":535,"date":"2020-11-23T16:27:21","date_gmt":"2020-11-23T15:27:21","guid":{"rendered":"https:\/\/www.elice-illustration.com\/boutique\/?page_id=535"},"modified":"2026-02-23T11:43:19","modified_gmt":"2026-02-23T10:43:19","slug":"mentions-legales","status":"publish","type":"page","link":"https:\/\/www.elice-illustration.com\/boutique\/mentions-legales\/","title":{"rendered":"Mentions l\u00e9gales"},"content":{"rendered":"\n<h3 class=\"wp-block-heading\">\u00c9diteur<\/h3>\n\n\n\n<p>Le site elice-illustration.com est \u00e9dit\u00e9 par <strong>Alice Moisset<\/strong>, alias <strong>\u00c9lice<\/strong>, illustratrice et graphiste.<\/p>\n\n\n\n<p>Code APE : 9003A Cr\u00e9ation artistique relevant des arts plastiques<br>N\u00b0 Siret : 532 526 720 00026<br>TVA non applicable, article 293B du CGI.<br>Dispens\u00e9 d&rsquo;immatriculation au registre du commerce et des soci\u00e9t\u00e9s (RCS) et au r\u00e9pertoire des m\u00e9tiers (RM)<br>Si\u00e8ge social\u00a0: 45 Route de Saint M\u00e9dard, 33160 Saint-Aubin-de-M\u00e9doc<\/p>\n\n\n\n<p>Pour contacter \u00c9lice<br>Formulaire de contact du site<br>E-mail : <strong>contact@elice-illustration.com<\/strong><br>T\u00e9l\u00e9phone&nbsp;<strong>: (+33) 6 81 43 24 98<\/strong><\/p>\n\n\n\n<h3 class=\"wp-block-heading\">Directeur de la publication<\/h3>\n\n\n\n<p>Alice Moisset alias \u00c9lice<\/p>\n\n\n\n<h3 class=\"wp-block-heading\">H\u00e9bergeur<\/h3>\n\n\n\n<p>\u00c9lice est h\u00e9berg\u00e9 par la soci\u00e9t\u00e9 <strong>OVH<\/strong>, SAS au capital de 10 069 020 \u20ac, domicili\u00e9e 2 rue Kellermann &#8211; 59100 Roubaix \u2013 France.<\/p>\n\n\n\n<h3 class=\"wp-block-heading\">Loi Informatique et Libert\u00e9s<\/h3>\n\n\n\n<p>Les utilisateurs sont inform\u00e9s qu\u2019ils disposent d\u2019un droit d\u2019acc\u00e8s, de modification, de rectification et de suppression des donn\u00e9es qui les concernent (art. 34 et suivants de la loi Informatique et Libert\u00e9s du 06\/01\/78). Pour l\u2019exercer, vous pouvez contacter <strong>\u00c9lice<\/strong> via <a href=\"https:\/\/www.elice-illustration.com\/boutique\/contact\/\" data-type=\"page\" data-id=\"8\">le formulaire de contact du site<\/a>.<\/p>\n\n\n\n<h3 class=\"wp-block-heading\">Droits d&rsquo;auteurs<\/h3>\n\n\n\n<p>Les droits de reproduction sont r\u00e9serv\u00e9s et strictement limit\u00e9s. Toute copie, m\u00eame partielle, des \u00e9l\u00e9ments constituant ce site pourra faire l&rsquo;objet de poursuites judiciaires.<\/p>\n\n\n\n<p>Les produits vendus en ligne sont la propri\u00e9t\u00e9 de <strong>Alice Moisset<\/strong> alias <strong>\u00c9lice<\/strong>.<\/p>\n\n\n\n<h3 class=\"wp-block-heading\">Cr\u00e9dits<\/h3>\n\n\n\n<p>Cr\u00e9ations, textes et contenus&nbsp;: <strong>Alice Moisset<\/strong><br>Cr\u00e9dits Photos : <strong>Alice Moisset<\/strong> (sinon, le cr\u00e9dit est mentionn\u00e9 sur les photos.)<br>Ce site utilise la solution <strong>Woocommerce <\/strong>de <strong>WordPress<\/strong>.<\/p>\n","protected":false},"excerpt":{"rendered":"<p>\u00c9diteur Le site elice-illustration.com est \u00e9dit\u00e9 par Alice Moisset, alias \u00c9lice, illustratrice et graphiste. Code APE : 9003A Cr\u00e9ation artistique relevant des arts plastiquesN\u00b0 Siret : 532 526 720 00026TVA non applicable, article 293B du CGI.Dispens\u00e9 d&rsquo;immatriculation au registre du commerce et des soci\u00e9t\u00e9s (RCS) et au r\u00e9pertoire des m\u00e9tiers (RM)Si\u00e8ge social\u00a0: 45 Route de&hellip;&nbsp;<a href=\"https:\/\/www.elice-illustration.com\/boutique\/mentions-legales\/\" rel=\"bookmark\">Lire la suite &raquo;<span class=\"screen-reader-text\">Mentions l\u00e9gales<\/span><\/a><\/p>\n","protected":false},"author":1,"featured_media":0,"parent":0,"menu_order":0,"comment_status":"closed","ping_status":"closed","template":"","meta":{"neve_meta_sidebar":"full-width","neve_meta_container":"","neve_meta_enable_content_width":"on","neve_meta_content_width":70,"neve_meta_title_alignment":"left","neve_meta_author_avatar":"","neve_post_elements_order":"","neve_meta_disable_header":"","neve_meta_disable_footer":"","neve_meta_disable_title":"","_vp_format_video_url":"","_vp_image_focal_point":[],"footnotes":""},"class_list":["post-535","page","type-page","status-publish","hentry"],"_links":{"self":[{"href":"https:\/\/www.elice-illustration.com\/boutique\/wp-json\/wp\/v2\/pages\/535","targetHints":{"allow":["GET"]}}],"collection":[{"href":"https:\/\/www.elice-illustration.com\/boutique\/wp-json\/wp\/v2\/pages"}],"about":[{"href":"https:\/\/www.elice-illustration.com\/boutique\/wp-json\/wp\/v2\/types\/page"}],"author":[{"embeddable":true,"href":"https:\/\/www.elice-illustration.com\/boutique\/wp-json\/wp\/v2\/users\/1"}],"replies":[{"embeddable":true,"href":"https:\/\/www.elice-illustration.com\/boutique\/wp-json\/wp\/v2\/comments?post=535"}],"version-history":[{"count":1,"href":"https:\/\/www.elice-illustration.com\/boutique\/wp-json\/wp\/v2\/pages\/535\/revisions"}],"predecessor-version":[{"id":3562,"href":"https:\/\/www.elice-illustration.com\/boutique\/wp-json\/wp\/v2\/pages\/535\/revisions\/3562"}],"wp:attachment":[{"href":"https:\/\/www.elice-illustration.com\/boutique\/wp-json\/wp\/v2\/media?parent=535"}],"curies":[{"name":"wp","href":"https:\/\/api.w.org\/{rel}","templated":true}]}}