{"id":3,"date":"2020-11-02T15:35:39","date_gmt":"2020-11-02T14:35:39","guid":{"rendered":"https:\/\/www.elice-illustration.com\/boutique\/?page_id=3"},"modified":"2020-12-02T18:40:40","modified_gmt":"2020-12-02T17:40:40","slug":"politique-de-confidentialite","status":"publish","type":"page","link":"https:\/\/www.elice-illustration.com\/boutique\/politique-de-confidentialite\/","title":{"rendered":"Politique de confidentialit\u00e9"},"content":{"rendered":"\n<h3 class=\"wp-block-heading\">Qui ?<\/h3>\n\n\n\n<p>Le site elice-illustration.com\/boutique est \u00e9dit\u00e9 par <strong>Alice Moisset<\/strong>, alias <strong>\u00c9lice<\/strong>, illustratrice et graphiste. <em><a href=\"https:\/\/www.elice-illustration.com\/boutique\/mentions-legales\/\" data-type=\"page\" data-id=\"535\">(voir les mentions l\u00e9gales)<\/a><\/em><\/p>\n\n\n\n<p>Pour contacter \u00c9lice :<br><a href=\"https:\/\/www.elice-illustration.com\/boutique\/contact\/\">Formulaire de contact du site<br><\/a>E-mail : <strong>contact@elice-illustration.com<\/strong><br>T\u00e9l\u00e9phone&nbsp;<strong>: (+33) 6 81 43 24 98<\/strong><\/p>\n\n\n\n<h3 class=\"wp-block-heading\">Utilisation des donn\u00e9es personnelles collect\u00e9es<\/h3>\n\n\n\n<h4 class=\"wp-block-heading\">Commentaires<\/h4>\n\n\n\n<p>Quand vous laissez un commentaire sur ce site web, les donn\u00e9es inscrites dans le formulaire de commentaire, mais aussi votre adresse IP et l\u2019agent utilisateur de votre navigateur sont collect\u00e9s pour permettre la d\u00e9tection des commentaires ind\u00e9sirables.<\/p>\n\n\n\n<p>Une cha\u00eene anonymis\u00e9e cr\u00e9\u00e9e \u00e0 partir de votre adresse de messagerie (\u00e9galement appel\u00e9e hash) peut \u00eatre envoy\u00e9e au service Gravatar pour v\u00e9rifier si vous utilisez ce dernier. Les clauses de confidentialit\u00e9 du service Gravatar sont disponibles ici&nbsp;: https:\/\/automattic.com\/privacy\/. Apr\u00e8s validation de votre commentaire, votre photo de profil sera visible publiquement \u00e0 cot\u00e9 de votre commentaire.<\/p>\n\n\n\n<h4 class=\"wp-block-heading\">Formulaires de contact<\/h4>\n\n\n\n<p>Quand vous envoyez un message via le formulaire de contact de ce site web, les donn\u00e9es inscrites dans le formulaire de contact sont collect\u00e9es pour permettre le traitement de votre message, et l&rsquo;envoi d&rsquo;une r\u00e9ponse. Elles ne sont pas stock\u00e9es.<\/p>\n\n\n\n<h4 class=\"wp-block-heading\">Commandes<\/h4>\n\n\n\n<p>Les donn\u00e9es que vous renseignez lors du processus de commande (nom, pr\u00e9nom, adresses et \u00e9ventuellement n\u00b0de t\u00e9l\u00e9phone) sont collect\u00e9es dans le but de proc\u00e9der au traitement et \u00e0 l&rsquo;acheminement de la commande. Ces donn\u00e9es sont stock\u00e9es pour une dur\u00e9e de 3 ans.<\/p>\n\n\n\n<h4 class=\"wp-block-heading\">Cookies<\/h4>\n\n\n\n<p>Si vous d\u00e9posez un commentaire sur notre site, il vous sera propos\u00e9 d\u2019enregistrer votre nom, adresse de messagerie et site web dans des cookies. C\u2019est uniquement pour votre confort afin de ne pas avoir \u00e0 saisir ces informations si vous d\u00e9posez un autre commentaire plus tard. Ces cookies expirent au bout d\u2019un an.<\/p>\n\n\n\n<p>Si vous vous rendez sur la page de connexion, un cookie temporaire sera cr\u00e9\u00e9 afin de d\u00e9terminer si votre navigateur accepte les cookies. Il ne contient pas de donn\u00e9es personnelles et sera supprim\u00e9 automatiquement \u00e0 la fermeture de votre navigateur.<\/p>\n\n\n\n<p>Lorsque vous vous connecterez, nous mettrons en place un certain nombre de cookies pour enregistrer vos informations de connexion et vos pr\u00e9f\u00e9rences d\u2019\u00e9cran. La dur\u00e9e de vie d\u2019un cookie de connexion est de deux jours, celle d\u2019un cookie d\u2019option d\u2019\u00e9cran est d\u2019un an. Si vous cochez \u00ab&nbsp;Se souvenir de moi&nbsp;\u00bb, votre cookie de connexion sera conserv\u00e9 pendant deux semaines. Si vous vous d\u00e9connectez de votre compte, le cookie de connexion sera effac\u00e9.<\/p>\n\n\n\n<p>En modifiant ou en publiant une publication, un cookie suppl\u00e9mentaire sera enregistr\u00e9 dans votre navigateur. Ce cookie ne comprend aucune donn\u00e9e personnelle. Il indique simplement l\u2019ID de la publication que vous venez de modifier. Il expire au bout d\u2019un jour.<\/p>\n\n\n\n<h4 class=\"wp-block-heading\">Contenu embarqu\u00e9 depuis d\u2019autres sites<\/h4>\n\n\n\n<p>Les articles de ce site peuvent inclure des contenus int\u00e9gr\u00e9s (par exemple des vid\u00e9os, images, articles\u2026). Le contenu int\u00e9gr\u00e9 depuis d\u2019autres sites se comporte de la m\u00eame mani\u00e8re que si le visiteur se rendait sur cet autre site.<\/p>\n\n\n\n<p>Ces sites web pourraient collecter des donn\u00e9es sur vous, utiliser des cookies, embarquer des outils de suivis tiers, suivre vos interactions avec ces contenus embarqu\u00e9s si vous disposez d\u2019un compte connect\u00e9 sur leur site web.<\/p>\n\n\n\n<h3 class=\"wp-block-heading\">Utilisation et transmission de vos donn\u00e9es personnelles<\/h3>\n\n\n\n<p>Lors de votre commande, si vous choisissez de payer avec Paypal, vous serez redirig\u00e9s vers la plateforme de paiement de Paypal. Les donn\u00e9es que vous renseignez sont soumises \u00e0 la politique de confidentialit\u00e9 de Paypal que vous pouvez consulter sur leur site.<\/p>\n\n\n\n<h3 class=\"wp-block-heading\">Dur\u00e9es de stockage de vos donn\u00e9es<\/h3>\n\n\n\n<p>Si vous laissez un commentaire, le commentaire et ses m\u00e9tadonn\u00e9es sont conserv\u00e9s ind\u00e9finiment. Cela permet de reconna\u00eetre et approuver automatiquement les commentaires suivants au lieu de les laisser dans la file de mod\u00e9ration.<\/p>\n\n\n\n<p>Les donn\u00e9es personnelles enregistr\u00e9es pour les commandes sont stock\u00e9es pour une dur\u00e9e de 3 ans.<\/p>\n\n\n\n<h3 class=\"wp-block-heading\">Les droits que vous avez sur vos donn\u00e9es<\/h3>\n\n\n\n<p>Si vous avez un compte ou si vous avez laiss\u00e9 des commentaires sur le site, vous pouvez demander \u00e0 recevoir un fichier contenant toutes les donn\u00e9es personnelles que nous poss\u00e9dons \u00e0 votre sujet, incluant celles que vous nous avez fournies. Vous pouvez \u00e9galement demander la suppression des donn\u00e9es personnelles vous concernant. Cela ne prend pas en compte les donn\u00e9es stock\u00e9es \u00e0 des fins administratives, l\u00e9gales ou pour des raisons de s\u00e9curit\u00e9.<\/p>\n\n\n\n<p>Pour acc\u00e9der \u00e0 vos donn\u00e9es, ou les supprimer, veuillez effectuer votre demande aupr\u00e8s d&rsquo;\u00c9lice via :<br><a href=\"https:\/\/www.elice-illustration.com\/boutique\/contact\/\">Formulaire de contact du site<br><\/a>E-mail : <strong>contact@elice-illustration.com<\/strong><\/p>\n\n\n\n<h3 class=\"wp-block-heading\">Transmission de vos donn\u00e9es personnelles<\/h3>\n\n\n\n<p>Les commentaires des visiteurs peuvent \u00eatre v\u00e9rifi\u00e9s \u00e0 l\u2019aide d\u2019un service automatis\u00e9 de d\u00e9tection des commentaires ind\u00e9sirables.<\/p>\n\n\n\n<h3 class=\"wp-block-heading\">Informations suppl\u00e9mentaires<\/h3>\n\n\n\n<p>Les donn\u00e9es ne sont transmises \u00e0 aucun tiers pour des raisons de publicit\u00e9.<\/p>\n","protected":false},"excerpt":{"rendered":"<p>Qui ? Le site elice-illustration.com\/boutique est \u00e9dit\u00e9 par Alice Moisset, alias \u00c9lice, illustratrice et graphiste. (voir les mentions l\u00e9gales) Pour contacter \u00c9lice :Formulaire de contact du siteE-mail : contact@elice-illustration.comT\u00e9l\u00e9phone&nbsp;: (+33) 6 81 43 24 98 Utilisation des donn\u00e9es personnelles collect\u00e9es Commentaires Quand vous laissez un commentaire sur ce site web, les donn\u00e9es inscrites dans le&hellip;&nbsp;<a href=\"https:\/\/www.elice-illustration.com\/boutique\/politique-de-confidentialite\/\" rel=\"bookmark\">Lire la suite &raquo;<span class=\"screen-reader-text\">Politique de confidentialit\u00e9<\/span><\/a><\/p>\n","protected":false},"author":1,"featured_media":0,"parent":0,"menu_order":0,"comment_status":"closed","ping_status":"open","template":"","meta":{"neve_meta_sidebar":"","neve_meta_container":"","neve_meta_enable_content_width":"on","neve_meta_content_width":70,"neve_meta_title_alignment":"","neve_meta_author_avatar":"","neve_post_elements_order":"","neve_meta_disable_header":"","neve_meta_disable_footer":"","neve_meta_disable_title":"","_vp_format_video_url":"","_vp_image_focal_point":[],"footnotes":""},"class_list":["post-3","page","type-page","status-publish","hentry"],"_links":{"self":[{"href":"https:\/\/www.elice-illustration.com\/boutique\/wp-json\/wp\/v2\/pages\/3","targetHints":{"allow":["GET"]}}],"collection":[{"href":"https:\/\/www.elice-illustration.com\/boutique\/wp-json\/wp\/v2\/pages"}],"about":[{"href":"https:\/\/www.elice-illustration.com\/boutique\/wp-json\/wp\/v2\/types\/page"}],"author":[{"embeddable":true,"href":"https:\/\/www.elice-illustration.com\/boutique\/wp-json\/wp\/v2\/users\/1"}],"replies":[{"embeddable":true,"href":"https:\/\/www.elice-illustration.com\/boutique\/wp-json\/wp\/v2\/comments?post=3"}],"version-history":[{"count":0,"href":"https:\/\/www.elice-illustration.com\/boutique\/wp-json\/wp\/v2\/pages\/3\/revisions"}],"wp:attachment":[{"href":"https:\/\/www.elice-illustration.com\/boutique\/wp-json\/wp\/v2\/media?parent=3"}],"curies":[{"name":"wp","href":"https:\/\/api.w.org\/{rel}","templated":true}]}}