{"id":1232,"date":"2020-11-29T18:11:17","date_gmt":"2020-11-29T17:11:17","guid":{"rendered":"https:\/\/www.elice-illustration.com\/boutique\/?page_id=1232"},"modified":"2024-01-08T09:13:09","modified_gmt":"2024-01-08T08:13:09","slug":"delais-et-livraison","status":"publish","type":"page","link":"https:\/\/www.elice-illustration.com\/boutique\/delais-et-livraison\/","title":{"rendered":"D\u00e9lais et livraison"},"content":{"rendered":"\n<h3 class=\"wp-block-heading\">D\u00e9lais de pr\u00e9paration<\/h3>\n\n\n\n<p>La disponibilit\u00e9 des articles est indiqu\u00e9e sur chaque fiche produit. S&rsquo;ils sont \u00ab\u00a0<em><strong>en stoc<\/strong><\/em><strong><em>k<\/em><\/strong>\u00a0\u00bb ils seront exp\u00e9di\u00e9s dans les 2 \u00e0 3 jours ouvr\u00e9s. Si une mention \u00ab\u00a0<em><strong>imprim\u00e9 \u00e0 la commande<\/strong><\/em>\u00a0\u00bb appara\u00eet, il faudra ajouter un temps de pr\u00e9paration. Pour les <strong>\u00e9ditions papier, comptez 5 jours<\/strong>. Pour les <strong>T-shirts et les sacs, ce d\u00e9lai peut aller jusqu&rsquo;\u00e0 2 semaines<\/strong>. En effet, je les imprime \u00e0 la demande, il faut donc attendre que l&rsquo;encre s\u00e8che (le temps de s\u00e9chage varie en fonction de la m\u00e9t\u00e9o mais il faut compter une bonne semaine minimum).<\/p>\n\n\n\n<div class=\"wp-block-columns is-layout-flex wp-container-core-columns-is-layout-9d6595d7 wp-block-columns-is-layout-flex\">\n<div class=\"wp-block-column is-layout-flow wp-block-column-is-layout-flow\">\n<figure class=\"wp-block-image size-large\"><img loading=\"lazy\" decoding=\"async\" width=\"709\" height=\"1024\" src=\"https:\/\/www.elice-illustration.com\/boutique\/wp-content\/uploads\/2020\/12\/delai-1-709x1024.jpg\" alt=\"\" class=\"wp-image-1410\" srcset=\"https:\/\/www.elice-illustration.com\/boutique\/wp-content\/uploads\/2020\/12\/delai-1-709x1024.jpg 709w, https:\/\/www.elice-illustration.com\/boutique\/wp-content\/uploads\/2020\/12\/delai-1-208x300.jpg 208w, https:\/\/www.elice-illustration.com\/boutique\/wp-content\/uploads\/2020\/12\/delai-1-600x866.jpg 600w, https:\/\/www.elice-illustration.com\/boutique\/wp-content\/uploads\/2020\/12\/delai-1.jpg 750w\" sizes=\"auto, (max-width: 709px) 100vw, 709px\" \/><\/figure>\n<\/div>\n\n\n\n<div class=\"wp-block-column is-layout-flow wp-block-column-is-layout-flow\">\n<figure class=\"wp-block-image size-large\"><img loading=\"lazy\" decoding=\"async\" width=\"750\" height=\"526\" src=\"https:\/\/www.elice-illustration.com\/boutique\/wp-content\/uploads\/2020\/12\/delai3-3.jpg\" alt=\"\" class=\"wp-image-1405\" srcset=\"https:\/\/www.elice-illustration.com\/boutique\/wp-content\/uploads\/2020\/12\/delai3-3.jpg 750w, https:\/\/www.elice-illustration.com\/boutique\/wp-content\/uploads\/2020\/12\/delai3-3-300x210.jpg 300w, https:\/\/www.elice-illustration.com\/boutique\/wp-content\/uploads\/2020\/12\/delai3-3-600x421.jpg 600w\" sizes=\"auto, (max-width: 750px) 100vw, 750px\" \/><\/figure>\n\n\n\n<figure class=\"wp-block-image size-large\"><img loading=\"lazy\" decoding=\"async\" width=\"750\" height=\"526\" src=\"https:\/\/www.elice-illustration.com\/boutique\/wp-content\/uploads\/2020\/12\/delai2-4.jpg\" alt=\"\" class=\"wp-image-1411\" srcset=\"https:\/\/www.elice-illustration.com\/boutique\/wp-content\/uploads\/2020\/12\/delai2-4.jpg 750w, https:\/\/www.elice-illustration.com\/boutique\/wp-content\/uploads\/2020\/12\/delai2-4-300x210.jpg 300w, https:\/\/www.elice-illustration.com\/boutique\/wp-content\/uploads\/2020\/12\/delai2-4-600x421.jpg 600w\" sizes=\"auto, (max-width: 750px) 100vw, 750px\" \/><\/figure>\n<\/div>\n<\/div>\n\n\n\n<h3 class=\"wp-block-heading\">D\u00e9lais et tarifs de livraison<\/h3>\n\n\n\n<ul class=\"wp-block-list\">\n<li>Lettre suivie : <strong>2 \u00e0 3 jours ouvr\u00e9s<\/strong> (d\u00e9lai indicatif de La Poste)<\/li>\n\n\n\n<li>Colissimo : <strong>48h <\/strong>(d\u00e9lai indicatif de La Poste)<\/li>\n\n\n\n<li>Collecte \u00e0 l&rsquo;atelier : \u00e0 venir chercher au 7 Bis rue des rouges gorges &#8211; 34090 Montpellier <em>(contact pr\u00e9alable pour fixer un rendez-vous)<\/em><\/li>\n<\/ul>\n\n\n\n<p>Les frais d&rsquo;envoi sont calcul\u00e9s en fonction du poids total de votre commande. Le montant s&rsquo;affiche dans votre panier. Livraison gratuite \u00e0 partir de 150\u20ac d&rsquo;achat.<\/p>\n\n\n<div class=\"wp-block-image\">\n<figure class=\"aligncenter size-full\"><img loading=\"lazy\" decoding=\"async\" width=\"500\" height=\"218\" src=\"https:\/\/www.elice-illustration.com\/boutique\/wp-content\/uploads\/2020\/12\/flamant_news1.png\" alt=\"\" class=\"wp-image-1392\" srcset=\"https:\/\/www.elice-illustration.com\/boutique\/wp-content\/uploads\/2020\/12\/flamant_news1.png 500w, https:\/\/www.elice-illustration.com\/boutique\/wp-content\/uploads\/2020\/12\/flamant_news1-300x131.png 300w\" sizes=\"auto, (max-width: 500px) 100vw, 500px\" \/><\/figure>\n<\/div>\n\n\n<p><\/p>\n","protected":false},"excerpt":{"rendered":"<p>D\u00e9lais de pr\u00e9paration La disponibilit\u00e9 des articles est indiqu\u00e9e sur chaque fiche produit. S&rsquo;ils sont \u00ab\u00a0en stock\u00a0\u00bb ils seront exp\u00e9di\u00e9s dans les 2 \u00e0 3 jours ouvr\u00e9s. Si une mention \u00ab\u00a0imprim\u00e9 \u00e0 la commande\u00a0\u00bb appara\u00eet, il faudra ajouter un temps de pr\u00e9paration. Pour les \u00e9ditions papier, comptez 5 jours. Pour les T-shirts et les sacs,&hellip;&nbsp;<a href=\"https:\/\/www.elice-illustration.com\/boutique\/delais-et-livraison\/\" rel=\"bookmark\">Lire la suite &raquo;<span class=\"screen-reader-text\">D\u00e9lais et livraison<\/span><\/a><\/p>\n","protected":false},"author":1,"featured_media":0,"parent":0,"menu_order":0,"comment_status":"closed","ping_status":"closed","template":"","meta":{"neve_meta_sidebar":"full-width","neve_meta_container":"","neve_meta_enable_content_width":"on","neve_meta_content_width":70,"neve_meta_title_alignment":"","neve_meta_author_avatar":"","neve_post_elements_order":"","neve_meta_disable_header":"","neve_meta_disable_footer":"","neve_meta_disable_title":"","_vp_format_video_url":"","_vp_image_focal_point":[],"footnotes":""},"class_list":["post-1232","page","type-page","status-publish","hentry"],"_links":{"self":[{"href":"https:\/\/www.elice-illustration.com\/boutique\/wp-json\/wp\/v2\/pages\/1232","targetHints":{"allow":["GET"]}}],"collection":[{"href":"https:\/\/www.elice-illustration.com\/boutique\/wp-json\/wp\/v2\/pages"}],"about":[{"href":"https:\/\/www.elice-illustration.com\/boutique\/wp-json\/wp\/v2\/types\/page"}],"author":[{"embeddable":true,"href":"https:\/\/www.elice-illustration.com\/boutique\/wp-json\/wp\/v2\/users\/1"}],"replies":[{"embeddable":true,"href":"https:\/\/www.elice-illustration.com\/boutique\/wp-json\/wp\/v2\/comments?post=1232"}],"version-history":[{"count":2,"href":"https:\/\/www.elice-illustration.com\/boutique\/wp-json\/wp\/v2\/pages\/1232\/revisions"}],"predecessor-version":[{"id":3196,"href":"https:\/\/www.elice-illustration.com\/boutique\/wp-json\/wp\/v2\/pages\/1232\/revisions\/3196"}],"wp:attachment":[{"href":"https:\/\/www.elice-illustration.com\/boutique\/wp-json\/wp\/v2\/media?parent=1232"}],"curies":[{"name":"wp","href":"https:\/\/api.w.org\/{rel}","templated":true}]}}